{"id":92,"date":"2016-04-14T08:31:44","date_gmt":"2016-04-14T08:31:44","guid":{"rendered":"https:\/\/www.williampeel.com\/?page_id=92&#038;lang=fr"},"modified":"2024-06-12T07:14:25","modified_gmt":"2024-06-12T07:14:25","slug":"home","status":"publish","type":"page","link":"https:\/\/williampeel.com\/fr\/","title":{"rendered":"Home"},"content":{"rendered":"","protected":false},"excerpt":{"rendered":"","protected":false},"author":1,"featured_media":0,"parent":0,"menu_order":0,"comment_status":"closed","ping_status":"closed","template":"pages\/page-home-bis.php","meta":{"_acf_changed":false,"footnotes":""},"class_list":["post-92","page","type-page","status-publish","hentry"],"acf":[],"yoast_head":"<!-- This site is optimized with the Yoast SEO plugin v27.5 - https:\/\/yoast.com\/product\/yoast-seo-wordpress\/ -->\n<title>Home - William Peel<\/title>\n<meta name=\"description\" content=\"N\u00e9 en Ecosse de l\u2019assemblage de whiskies de malt et de grains soigneusement s\u00e9lectionn\u00e9s et vieillis en f\u00fbts de ch\u00eane, WILLIAM PEEL se distingue par sa rondeur et la g\u00e9n\u00e9rosit\u00e9 de ses notes fruit\u00e9es et malt\u00e9es\" \/>\n<meta name=\"robots\" content=\"index, follow, max-snippet:-1, max-image-preview:large, max-video-preview:-1\" \/>\n<link rel=\"canonical\" href=\"https:\/\/williampeel.com\/fr\/\" \/>\n<meta property=\"og:locale\" content=\"fr_FR\" \/>\n<meta property=\"og:type\" content=\"article\" \/>\n<meta property=\"og:title\" content=\"WILLIAM PEEL\" \/>\n<meta property=\"og:description\" content=\"N\u00e9 en Ecosse de l\u2019assemblage de whiskies de malt et de grains soigneusement s\u00e9lectionn\u00e9s et vieillis en f\u00fbts de ch\u00eane, WILLIAM PEEL se distingue par sa rondeur et la g\u00e9n\u00e9rosit\u00e9 de ses notes fruit\u00e9es et malt\u00e9es\" \/>\n<meta property=\"og:url\" content=\"https:\/\/williampeel.com\/fr\/\" \/>\n<meta property=\"og:site_name\" content=\"William Peel\" \/>\n<meta property=\"article:modified_time\" content=\"2024-06-12T07:14:25+00:00\" \/>\n<meta property=\"og:image\" content=\"https:\/\/williampeel.com\/content-assets\/uploads\/2022\/02\/WP_0207_GingerPeel_KV_Def-1.jpg\" \/>\n\t<meta property=\"og:image:width\" content=\"1200\" \/>\n\t<meta property=\"og:image:height\" content=\"1200\" \/>\n\t<meta property=\"og:image:type\" content=\"image\/jpeg\" \/>\n<meta name=\"twitter:card\" content=\"summary_large_image\" \/>\n<meta name=\"twitter:title\" content=\"WILLIAM PEEL\" \/>\n<meta name=\"twitter:description\" content=\"N\u00e9 en Ecosse de l\u2019assemblage de whiskies de malt et de grains soigneusement s\u00e9lectionn\u00e9s et vieillis en f\u00fbts de ch\u00eane, WILLIAM PEEL se distingue par sa rondeur et la g\u00e9n\u00e9rosit\u00e9 de ses notes fruit\u00e9es et malt\u00e9es\" \/>\n<meta name=\"twitter:image\" content=\"https:\/\/williampeel.com\/content-assets\/uploads\/2022\/02\/WP_0207_GingerPeel_KV_Def-1.jpg\" \/>\n<script type=\"application\/ld+json\" class=\"yoast-schema-graph\">{\"@context\":\"https:\\\/\\\/schema.org\",\"@graph\":[{\"@type\":\"WebPage\",\"@id\":\"https:\\\/\\\/williampeel.com\\\/fr\\\/\",\"url\":\"https:\\\/\\\/williampeel.com\\\/fr\\\/\",\"name\":\"Home - William Peel\",\"isPartOf\":{\"@id\":\"https:\\\/\\\/www.williampeel.com\\\/#website\"},\"datePublished\":\"2016-04-14T08:31:44+00:00\",\"dateModified\":\"2024-06-12T07:14:25+00:00\",\"description\":\"N\u00e9 en Ecosse de l\u2019assemblage de whiskies de malt et de grains soigneusement s\u00e9lectionn\u00e9s et vieillis en f\u00fbts de ch\u00eane, WILLIAM PEEL se distingue par sa rondeur et la g\u00e9n\u00e9rosit\u00e9 de ses notes fruit\u00e9es et malt\u00e9es\",\"breadcrumb\":{\"@id\":\"https:\\\/\\\/williampeel.com\\\/fr\\\/#breadcrumb\"},\"inLanguage\":\"fr-FR\",\"potentialAction\":[{\"@type\":\"ReadAction\",\"target\":[\"https:\\\/\\\/williampeel.com\\\/fr\\\/\"]}]},{\"@type\":\"BreadcrumbList\",\"@id\":\"https:\\\/\\\/williampeel.com\\\/fr\\\/#breadcrumb\",\"itemListElement\":[{\"@type\":\"ListItem\",\"position\":1,\"name\":\"Home\",\"item\":\"https:\\\/\\\/williampeel.com\\\/fr\\\/\"},{\"@type\":\"ListItem\",\"position\":2,\"name\":\"Home\"}]},{\"@type\":\"WebSite\",\"@id\":\"https:\\\/\\\/www.williampeel.com\\\/#website\",\"url\":\"https:\\\/\\\/www.williampeel.com\\\/\",\"name\":\"William Peel\",\"description\":\"\",\"publisher\":{\"@id\":\"https:\\\/\\\/www.williampeel.com\\\/#organization\"},\"potentialAction\":[{\"@type\":\"SearchAction\",\"target\":{\"@type\":\"EntryPoint\",\"urlTemplate\":\"https:\\\/\\\/www.williampeel.com\\\/?s={search_term_string}\"},\"query-input\":{\"@type\":\"PropertyValueSpecification\",\"valueRequired\":true,\"valueName\":\"search_term_string\"}}],\"inLanguage\":\"fr-FR\"},{\"@type\":\"Organization\",\"@id\":\"https:\\\/\\\/www.williampeel.com\\\/#organization\",\"name\":\"William Peel\",\"url\":\"https:\\\/\\\/www.williampeel.com\\\/\",\"logo\":{\"@type\":\"ImageObject\",\"inLanguage\":\"fr-FR\",\"@id\":\"https:\\\/\\\/www.williampeel.com\\\/#\\\/schema\\\/logo\\\/image\\\/\",\"url\":\"https:\\\/\\\/www.williampeel.com\\\/content-assets\\\/uploads\\\/2021\\\/06\\\/logo.png\",\"contentUrl\":\"https:\\\/\\\/www.williampeel.com\\\/content-assets\\\/uploads\\\/2021\\\/06\\\/logo.png\",\"width\":226,\"height\":111,\"caption\":\"William Peel\"},\"image\":{\"@id\":\"https:\\\/\\\/www.williampeel.com\\\/#\\\/schema\\\/logo\\\/image\\\/\"}}]}<\/script>\n<!-- \/ Yoast SEO plugin. -->","yoast_head_json":{"title":"Home - William Peel","description":"N\u00e9 en Ecosse de l\u2019assemblage de whiskies de malt et de grains soigneusement s\u00e9lectionn\u00e9s et vieillis en f\u00fbts de ch\u00eane, WILLIAM PEEL se distingue par sa rondeur et la g\u00e9n\u00e9rosit\u00e9 de ses notes fruit\u00e9es et malt\u00e9es","robots":{"index":"index","follow":"follow","max-snippet":"max-snippet:-1","max-image-preview":"max-image-preview:large","max-video-preview":"max-video-preview:-1"},"canonical":"https:\/\/williampeel.com\/fr\/","og_locale":"fr_FR","og_type":"article","og_title":"WILLIAM PEEL","og_description":"N\u00e9 en Ecosse de l\u2019assemblage de whiskies de malt et de grains soigneusement s\u00e9lectionn\u00e9s et vieillis en f\u00fbts de ch\u00eane, WILLIAM PEEL se distingue par sa rondeur et la g\u00e9n\u00e9rosit\u00e9 de ses notes fruit\u00e9es et malt\u00e9es","og_url":"https:\/\/williampeel.com\/fr\/","og_site_name":"William Peel","article_modified_time":"2024-06-12T07:14:25+00:00","og_image":[{"width":1200,"height":1200,"url":"https:\/\/williampeel.com\/content-assets\/uploads\/2022\/02\/WP_0207_GingerPeel_KV_Def-1.jpg","type":"image\/jpeg"}],"twitter_card":"summary_large_image","twitter_title":"WILLIAM PEEL","twitter_description":"N\u00e9 en Ecosse de l\u2019assemblage de whiskies de malt et de grains soigneusement s\u00e9lectionn\u00e9s et vieillis en f\u00fbts de ch\u00eane, WILLIAM PEEL se distingue par sa rondeur et la g\u00e9n\u00e9rosit\u00e9 de ses notes fruit\u00e9es et malt\u00e9es","twitter_image":"https:\/\/williampeel.com\/content-assets\/uploads\/2022\/02\/WP_0207_GingerPeel_KV_Def-1.jpg","schema":{"@context":"https:\/\/schema.org","@graph":[{"@type":"WebPage","@id":"https:\/\/williampeel.com\/fr\/","url":"https:\/\/williampeel.com\/fr\/","name":"Home - William Peel","isPartOf":{"@id":"https:\/\/www.williampeel.com\/#website"},"datePublished":"2016-04-14T08:31:44+00:00","dateModified":"2024-06-12T07:14:25+00:00","description":"N\u00e9 en Ecosse de l\u2019assemblage de whiskies de malt et de grains soigneusement s\u00e9lectionn\u00e9s et vieillis en f\u00fbts de ch\u00eane, WILLIAM PEEL se distingue par sa rondeur et la g\u00e9n\u00e9rosit\u00e9 de ses notes fruit\u00e9es et malt\u00e9es","breadcrumb":{"@id":"https:\/\/williampeel.com\/fr\/#breadcrumb"},"inLanguage":"fr-FR","potentialAction":[{"@type":"ReadAction","target":["https:\/\/williampeel.com\/fr\/"]}]},{"@type":"BreadcrumbList","@id":"https:\/\/williampeel.com\/fr\/#breadcrumb","itemListElement":[{"@type":"ListItem","position":1,"name":"Home","item":"https:\/\/williampeel.com\/fr\/"},{"@type":"ListItem","position":2,"name":"Home"}]},{"@type":"WebSite","@id":"https:\/\/www.williampeel.com\/#website","url":"https:\/\/www.williampeel.com\/","name":"William Peel","description":"","publisher":{"@id":"https:\/\/www.williampeel.com\/#organization"},"potentialAction":[{"@type":"SearchAction","target":{"@type":"EntryPoint","urlTemplate":"https:\/\/www.williampeel.com\/?s={search_term_string}"},"query-input":{"@type":"PropertyValueSpecification","valueRequired":true,"valueName":"search_term_string"}}],"inLanguage":"fr-FR"},{"@type":"Organization","@id":"https:\/\/www.williampeel.com\/#organization","name":"William Peel","url":"https:\/\/www.williampeel.com\/","logo":{"@type":"ImageObject","inLanguage":"fr-FR","@id":"https:\/\/www.williampeel.com\/#\/schema\/logo\/image\/","url":"https:\/\/www.williampeel.com\/content-assets\/uploads\/2021\/06\/logo.png","contentUrl":"https:\/\/www.williampeel.com\/content-assets\/uploads\/2021\/06\/logo.png","width":226,"height":111,"caption":"William Peel"},"image":{"@id":"https:\/\/www.williampeel.com\/#\/schema\/logo\/image\/"}}]}},"_links":{"self":[{"href":"https:\/\/williampeel.com\/fr\/wp-json\/wp\/v2\/pages\/92","targetHints":{"allow":["GET"]}}],"collection":[{"href":"https:\/\/williampeel.com\/fr\/wp-json\/wp\/v2\/pages"}],"about":[{"href":"https:\/\/williampeel.com\/fr\/wp-json\/wp\/v2\/types\/page"}],"author":[{"embeddable":true,"href":"https:\/\/williampeel.com\/fr\/wp-json\/wp\/v2\/users\/1"}],"replies":[{"embeddable":true,"href":"https:\/\/williampeel.com\/fr\/wp-json\/wp\/v2\/comments?post=92"}],"version-history":[{"count":5,"href":"https:\/\/williampeel.com\/fr\/wp-json\/wp\/v2\/pages\/92\/revisions"}],"predecessor-version":[{"id":1495,"href":"https:\/\/williampeel.com\/fr\/wp-json\/wp\/v2\/pages\/92\/revisions\/1495"}],"wp:attachment":[{"href":"https:\/\/williampeel.com\/fr\/wp-json\/wp\/v2\/media?parent=92"}],"curies":[{"name":"wp","href":"https:\/\/api.w.org\/{rel}","templated":true}]}}